{"id":11,"date":"2022-01-10T00:25:45","date_gmt":"2022-01-09T23:25:45","guid":{"rendered":"https:\/\/lebulletinofficiel.com\/ar\/?page_id=11"},"modified":"2023-10-23T22:31:32","modified_gmt":"2023-10-23T21:31:32","slug":"%d8%a7%d9%84%d8%a5%d8%b9%d9%84%d8%a7%d9%86%d8%a7%d8%aa-%d8%a7%d9%84%d9%82%d8%a7%d9%86%d9%88%d9%86%d9%8a%d8%a9-%d9%81%d9%8a-%d8%a7%d9%84%d8%ac%d8%b1%d9%8a%d8%af%d8%a9-%d8%a7%d9%84%d8%b1%d8%b3%d9%85","status":"publish","type":"page","link":"https:\/\/lebulletinofficiel.com\/ar\/","title":{"rendered":"\u0627\u0644\u0625\u0639\u0644\u0627\u0646\u0627\u062a \u0627\u0644\u0642\u0627\u0646\u0648\u0646\u064a\u0629 \u0641\u064a \u0627\u0644\u062c\u0631\u064a\u062f\u0629 \u0627\u0644\u0631\u0633\u0645\u064a\u0629"},"content":{"rendered":"[vc_row el_class=\u00a0\u00bbbo1&Prime;][vc_column width=\u00a0\u00bb1\/2&Prime;][vc_column_text el_class=\u00a0\u00bbbo1&Prime;]\n<h3 class=\"name formalite\"><a href=\"https:\/\/lebulletinofficiel.com\/ar\/%d8%aa%d9%81%d9%88%d9%8a%d8%aa-%d8%ad%d8%b5%d8%b5\/\">\u062a\u0641\u0648\u064a\u062a \u062d\u0635\u0635<\/a><\/h3>\n<h3 class=\"name formalite\"><a href=\"https:\/\/lebulletinofficiel.com\/ar\/%d8%ad%d9%84-%d8%b4%d8%b1%d9%83%d8%a9\/\">\u062d\u0644 \u0634\u0631\u0643\u0629<\/a><\/h3>\n<h3 class=\"name formalite\"><a href=\"https:\/\/lebulletinofficiel.com\/ar\/%d9%82%d9%81%d9%84-%d8%a7%d9%84%d8%aa%d8%b5%d9%81%d9%8a%d8%a9\/\">\u0642\u0641\u0644 \u0627\u0644\u062a\u0635\u0641\u064a\u0629<\/a><\/h3>\n<h3 class=\"name formalite\"><a href=\"https:\/\/lebulletinofficiel.com\/ar\/%d8%b9%d9%82%d8%af-%d8%aa%d8%b3%d9%8a%d9%8a%d8%b1-%d8%ad%d8%b1-%d9%84%d8%a3%d8%b5%d9%84-%d8%aa%d8%ac%d8%a7%d8%b1%d9%8a\/\">\u0639\u0642\u062f \u062a\u0633\u064a\u064a\u0631 \u062d\u0631 \u0644\u0623\u0635\u0644 \u062a\u062c\u0627\u0631\u064a<\/a><\/h3>\n<h2 class=\"formalite\"><a href=\"https:\/\/lebulletinofficiel.com\/ar\/%d8%a5%d8%b9%d9%84%d8%a7%d9%86-%d9%85%d8%aa%d8%b9%d8%af%d8%af-%d8%a7%d9%84%d9%82%d8%b1%d8%a7%d8%b1%d8%a7%d8%aa\/\">\u0625\u0639\u0644\u0627\u0646 \u0645\u062a\u0639\u062f\u062f \u0627\u0644\u0642\u0631\u0627\u0631\u0627\u062a<\/a><\/h2>\n[\/vc_column_text][vc_column_text]\n<h3 class=\"name formalite\"><a href=\"https:\/\/lebulletinofficiel.com\/ar\/%d8%a5%d8%b9%d9%84%d8%a7%d9%86-%d8%ad%d8%b1\/\">\u0625\u0639\u0644\u0627\u0646 \u062d\u0631<\/a><\/h3>\n[\/vc_column_text][\/vc_column][vc_column width=\u00a0\u00bb1\/2&Prime;][vc_column_text]\n<h3 class=\"name formalite\"><a href=\"https:\/\/lebulletinofficiel.com\/ar\/%d8%aa%d8%a3%d8%b3%d9%8a%d8%b3-%d8%b4%d8%b1%d9%83%d8%a9-%d8%b0%d8%a7%d8%aa-%d9%85%d8%b3%d8%a4%d9%88%d9%84%d9%8a%d8%a9-%d9%85%d8%ad%d8%af%d9%88%d8%af%d8%a9\/\">\u062a\u0623\u0633\u064a\u0633 \u0634\u0631\u0643\u0629 \u0630\u0627\u062a \u0645\u0633\u0624\u0648\u0644\u064a\u0629 \u0645\u062d\u062f\u0648\u062f\u0629<\/a><\/h3>\n<h3 class=\"name formalite\"><a href=\"https:\/\/lebulletinofficiel.com\/ar\/%d8%aa%d8%a3%d8%b3%d9%8a%d8%b3-%d8%b4%d8%b1%d9%83%d8%a9-%d8%b0%d8%a7%d8%aa-%d9%85%d8%b3%d8%a4%d9%88%d9%84%d9%8a%d8%a9-%d9%85%d8%ad%d8%af%d9%88%d8%af%d8%a9-%d8%b0%d8%a7%d8%aa-%d8%a7%d9%84%d8%b4%d8%b1\/\">\u062a\u0623\u0633\u064a\u0633 \u0634\u0631\u0643\u0629 \u0630\u0627\u062a \u0645\u0633\u0624\u0648\u0644\u064a\u0629 \u0645\u062d\u062f\u0648\u062f\u0629 \u0630\u0627\u062a \u0627\u0644\u0634\u0631\u064a\u0643 \u0627\u0644\u0648\u062d\u064a\u062f<\/a><\/h3>\n<h3 class=\"name formalite\"><a href=\"https:\/\/lebulletinofficiel.com\/ar\/%d8%aa%d8%ad%d9%88%d9%8a%d9%84-%d8%a7%d9%84%d8%b4%d9%83%d9%84-%d8%a7%d9%84%d9%82%d8%a7%d9%86%d9%88%d9%86%d9%8a-%d9%84%d9%84%d8%b4%d8%b1%d9%83%d8%a9\/\">\u062a\u062d\u0648\u064a\u0644 \u0627\u0644\u0634\u0643\u0644 \u0627\u0644\u0642\u0627\u0646\u0648\u0646\u064a \u0644\u0644\u0634\u0631\u0643\u0629<\/a><\/h3>\n<h3 class=\"name formalite\"><a href=\"https:\/\/lebulletinofficiel.com\/ar\/%d8%aa%d8%b9%d9%8a%d9%8a%d9%86-%d9%85%d8%b3%d9%8a%d8%b1-%d8%ac%d8%af%d9%8a%d8%af\/\">\u062a\u0639\u064a\u064a\u0646 \u0645\u0633\u064a\u0631 \u062c\u062f\u064a\u062f<\/a><\/h3>\n<h3 class=\"name formalite\"><a href=\"https:\/\/lebulletinofficiel.com\/ar\/%d8%aa%d8%ba%d9%8a%d9%8a%d8%b1-%d8%aa%d8%b3%d9%85%d9%8a%d8%a9-%d8%a7%d9%84%d8%b4%d8%b1%d9%83%d8%a9\/\">\u062a\u063a\u064a\u064a\u0631 \u062a\u0633\u0645\u064a\u0629 \u0627\u0644\u0634\u0631\u0643\u0629<\/a><\/h3>\n<h3 class=\"name formalite\"><a href=\"https:\/\/lebulletinofficiel.com\/ar\/%d8%aa%d8%ba%d9%8a%d9%8a%d8%b1-%d9%86%d8%b4%d8%a7%d8%b7-%d8%a7%d9%84%d8%b4%d8%b1%d9%83%d8%a9\/\">\u062a\u063a\u064a\u064a\u0631 \u0646\u0634\u0627\u0637 \u0627\u0644\u0634\u0631\u0643\u0629<\/a><\/h3>\n<h3 class=\"name formalite\"><a href=\"https:\/\/lebulletinofficiel.com\/ar\/%d8%b2%d9%8a%d8%a7%d8%af%d8%a9-%d9%81%d9%8a-%d8%b1%d8%a3%d8%b3-%d9%85%d8%a7%d9%84-%d8%a7%d9%84%d8%b4%d8%b1%d9%83%d8%a9\/\">\u0632\u064a\u0627\u062f\u0629 \u0641\u064a \u0631\u0623\u0633 \u0645\u0627\u0644 \u0627\u0644\u0634\u0631\u0643\u0629<\/a><\/h3>\n<h3 class=\"name formalite\"><a href=\"https:\/\/lebulletinofficiel.com\/ar\/%d8%aa%d8%ad%d9%88%d9%8a%d9%84-%d8%a7%d9%84%d9%85%d9%82%d8%b1-%d8%a7%d9%84%d8%a7%d8%ac%d8%aa%d9%85%d8%a7%d8%b9%d9%8a\/\">\u062a\u062d\u0648\u064a\u0644 \u0627\u0644\u0645\u0642\u0631 \u0627\u0644\u0627\u062c\u062a\u0645\u0627\u0639\u064a<\/a><\/h3>\n[\/vc_column_text][\/vc_column][\/vc_row][vc_row el_class=\u00a0\u00bbbo1&Prime;][vc_column width=\u00a0\u00bb1\/2&Prime;][vc_column_text el_class=\u00a0\u00bbbo1&Prime;]\n<p style=\"text-align: center;\"><strong><em>\u0627\u0644\u062c\u0631\u064a\u062f\u0629 \u0627\u0644\u0631\u0633\u0645\u064a\u0629 \u0644\u0644\u0645\u0645\u0644\u0643\u0629 \u0627\u0644\u0645\u063a\u0631\u0628\u064a\u0629 \u0637\u0628\u0639\u0629 \u0627\u0644\u0625\u0639\u0644\u0627\u0646\u0627\u062a \u0627\u0644\u0642\u0627\u0646\u0648\u0646\u064a\u0629 \u0627\u0644\u0642\u0636\u0627\u0626\u064a\u0629 \u0648\u0627\u0644\u0625\u062f\u0627\u0631\u064a\u0629 \u0647\u064a \u0635\u062d\u064a\u0641\u0629 \u0623\u0633\u0628\u0648\u0639\u064a\u0629 \u062a\u0635\u062f\u0631\u0647\u0627 \u0627\u0644\u0623\u0645\u0627\u0646\u0629 \u0627\u0644\u0639\u0627\u0645\u0629 \u0644\u0644\u062d\u0643\u0648\u0645\u0629<\/em><\/strong><\/p>\n[\/vc_column_text][\/vc_column][vc_column width=\u00a0\u00bb1\/2&Prime;][vc_single_image image=\u00a0\u00bb31&Prime; img_size=\u00a0\u00bb200&#215;200&Prime; alignment=\u00a0\u00bbcenter\u00a0\u00bb][\/vc_column][\/vc_row][vc_row][vc_column][vc_separator color=\u00a0\u00bbcustom\u00a0\u00bb border_width=\u00a0\u00bb7&Prime; accent_color=\u00a0\u00bb#272654&Prime;][\/vc_column][\/vc_row][vc_row el_class=\u00a0\u00bbbo2&Prime;][vc_column][vc_column_text el_class=\u00a0\u00bbbo2&Prime;]\n<p style=\"text-align: center;\"><strong><em>\u062a\u0636\u0645\u0646 \u0627\u0644\u062c\u0631\u064a\u062f\u0629 \u0627\u0644\u0631\u0633\u0645\u064a\u0629 \u0637\u0628\u0639\u0629 \u0627\u0644\u0625\u0639\u0644\u0627\u0646\u0627\u062a \u0627\u0644\u0642\u0627\u0646\u0648\u0646\u064a\u0629 \u0627\u0644\u0642\u0636\u0627\u0626\u064a\u0629 \u0648\u0627\u0644\u0625\u062f\u0627\u0631\u064a\u0629 \u0646\u0634\u0631 \u0627\u0644\u0639\u0642\u0648\u062f \u0627\u0644\u0645\u0633\u062c\u0644\u0629 \u0641\u064a \u0627\u0644\u0645\u062d\u0643\u0645\u0629 \u0627\u0644\u062a\u062c\u0627\u0631\u064a\u0629 \u0644\u0644\u0634\u0631\u0643\u0627\u062a \u0639\u0644\u0649 \u0648\u062c\u0647 \u0627\u0644\u062e\u0635\u0648\u0635\u060c \u064a\u062a\u0645 \u0646\u0634\u0631 \u0625\u0634\u0639\u0627\u0631\u0627\u062a \u062a\u0633\u062c\u064a\u0644 \u0648\u062a\u0623\u0633\u064a\u0633 \u0627\u0644\u0634\u0631\u0643\u0627\u062a\u060c \u0648\u0627\u0644\u062a\u063a\u064a\u0631\u0627\u062a \u0627\u0644\u062a\u064a \u062a\u062a\u0645 \u0641\u064a \u0627\u0644\u0642\u0627\u0646\u0648\u0646 \u0627\u0644\u0623\u0633\u0627\u0633 \u0644\u0644\u0634\u0631\u0643\u0629 \u0645\u0646 \u062a\u0641\u0648\u064a\u062a \u0627\u0644\u062d\u0635\u0635 \u0631\u0641\u0639 \u0631\u0623\u0633 \u0645\u0627\u0644 \u0627\u0644\u0634\u0631\u0643\u0629 \u062a\u063a\u064a\u0631 \u0627\u0644\u0645\u0642\u0631 \u0627\u0644\u0625\u062c\u062a\u0645\u0627\u0639\u064a \u062a\u0639\u064a\u064a\u0646 \u0645\u0633\u064a\u0631 \u062c\u062f\u064a\u062f \u0648\u062a\u0635\u0641\u064a\u0629 \u0627\u0644\u0634\u0631\u0643\u0629<\/em><\/strong><\/p>\n[\/vc_column_text][\/vc_column][\/vc_row][vc_row][vc_column][vc_separator color=\u00a0\u00bbcustom\u00a0\u00bb border_width=\u00a0\u00bb7&Prime; accent_color=\u00a0\u00bb#272654&Prime;][\/vc_column][\/vc_row][vc_row][vc_column width=\u00a0\u00bb1\/3&Prime;][vc_single_image image=\u00a0\u00bb33&Prime; img_size=\u00a0\u00bb200&#215;200&Prime; alignment=\u00a0\u00bbcenter\u00a0\u00bb][\/vc_column][vc_column width=\u00a0\u00bb1\/3&Prime;][vc_column_text el_class=\u00a0\u00bbbo3&Prime;]\n<p style=\"text-align: center;\"><strong><em>\u064a\u0636\u0645\u0646 \u0646\u0634\u0631 \u0627\u0644\u0625\u0639\u0644\u0627\u0646\u0627\u062a \u0627\u0644\u0642\u0627\u0646\u0648\u0646\u064a\u0629 \u0627\u0644\u0642\u0636\u0627\u0626\u064a\u0629 \u0627\u0644\u0625\u062f\u0627\u0631\u064a\u0629 \u0628\u0627\u0644\u062c\u0631\u064a\u062f\u0629 \u0627\u0644\u0631\u0633\u0645\u064a\u0629\u00a0\u00a0<\/em><\/strong><\/p>\n<p style=\"text-align: center;\"><strong><em>\u00a0 \u00a0(Flash \u00e9conomie, Nouvelles du Maroc, La Gazette, Le JAL des soci\u00e9t\u00e9s, \u2026)<\/em><\/strong><\/p>\n<p style=\"text-align: center;\"><strong><em>. \u0634\u0641\u0627\u0641\u064a\u0629 \u0627\u0644\u062d\u064a\u0627\u0629 \u0627\u0644\u0625\u0642\u062a\u0635\u0627\u062f\u064a\u0629 \u0648\u0627\u0644\u0645\u0627\u0644\u064a\u0629 \u00a0<\/em><\/strong><\/p>\n[\/vc_column_text][\/vc_column][vc_column width=\u00a0\u00bb1\/3&Prime;][vc_single_image image=\u00a0\u00bb32&Prime; img_size=\u00a0\u00bb200&#215;200&Prime; alignment=\u00a0\u00bbcenter\u00a0\u00bb][\/vc_column][\/vc_row][vc_row][vc_column][vc_separator color=\u00a0\u00bbcustom\u00a0\u00bb border_width=\u00a0\u00bb7&Prime; accent_color=\u00a0\u00bb#272654&Prime;][\/vc_column][\/vc_row][vc_row][vc_column][vc_column_text el_class=\u00a0\u00bbbo4&Prime;]\n<p style=\"text-align: center;\"><em><strong>\u00a0\u0641\u0631\u064a\u0642 \u0645\u0646 \u0627\u0644\u062e\u0628\u0631\u0627\u0621 \u0627\u0644\u0645\u062e\u062a\u0635\u064a\u0646 \u0641\u064a \u0627\u0644\u0625\u0639\u0644\u0627\u0646\u0627\u062a \u0627\u0644\u0642\u0627\u0646\u0648\u0646\u064a\u0629 <\/strong><\/em><em><strong>\u064a\u062c\u064a\u0628\u0643\u0645<\/strong><\/em><em><strong>\u00a0\u0645\u062c\u0627\u0646\u0627 \u0639\u0644\u0649 \u062c\u0645\u064a\u0639 \u0623\u0633\u0626\u0644\u062a\u0643\u0645 \u0639\u0628\u0631 \u0627\u0644\u0647\u0627\u062a\u0641 \u0648\u0627\u0644\u0628\u0631\u064a\u062f<\/strong> <strong>\u0627\u0644\u0625\u0644\u0643\u062a\u0631\u0648\u0646\u064a<\/strong><\/em><\/p>\n<p style=\"text-align: center;\"><strong><em>annonce@bulletinofficiel.com : \u0627\u0644\u0628\u0631\u064a\u062f \u0627\u0644\u0625\u0644\u0643\u062a\u0631\u0648\u0646\u064a<\/em><\/strong><\/p>\n<p style=\"text-align: center;\"><strong><em>+212664142648 :\u0627\u0644\u0647\u0627\u062a\u0641<\/em><\/strong><\/p>\n[\/vc_column_text][\/vc_column][\/vc_row][vc_row][vc_column][vc_separator color=\u00a0\u00bbcustom\u00a0\u00bb border_width=\u00a0\u00bb7&Prime; accent_color=\u00a0\u00bb#272654&Prime;][\/vc_column][\/vc_row][vc_row][vc_column width=\u00a0\u00bb1\/2&Prime;][vc_column_text el_class=\u00a0\u00bbbo5&Prime;]\n<p style=\"text-align: center;\"><strong><em>\u0644\u0643\u0645 \u0646\u0645\u0627\u0630\u062c \u0648\u0623\u0645\u062b\u0644\u0629 \u0627\u0644\u0623\u0643\u062b\u0631 \u062a\u062f\u0627\u0648\u0644\u0627 \u0644\u0644\u0625\u0634\u0639\u0627\u0631\u0627\u062a \u0627\u0644\u0642\u0627\u0646\u0648\u0646\u064a\u0629 <\/em><\/strong><br \/>\n<strong><em>\u0628\u0639\u062f \u0645\u0631\u0627\u0633\u0644\u062a\u0643\u0645 \u0645\u0639\u0646\u0627 \u062a\u062a\u0645 \u0645\u0631\u0627\u062c\u0639\u0629 \u0648\u0641\u062d\u0635 \u0627\u0644\u0625\u0634\u0639\u0627\u0631 \u0627\u0644\u0642\u0627\u0646\u0648\u0646\u064a \u0648\u0641\u064a \u062d\u0627\u0644\u0629 \u0646\u0642\u0635 \u0627\u0644\u0645\u0639\u0644\u0648\u0645\u0627\u062a \u064a\u062a\u0645 \u0627\u0644\u062a\u0648\u0627\u0635\u0644 \u0645\u0639\u0643\u0645 \u0644\u062a\u0639\u062f\u064a\u0644 \u0627\u0644\u0625\u0639\u0644\u0627\u0646<\/em><\/strong><\/p>\n[\/vc_column_text][\/vc_column][vc_column width=\u00a0\u00bb1\/2&Prime;][vc_single_image image=\u00a0\u00bb34&Prime; img_size=\u00a0\u00bb200&#215;200&Prime; alignment=\u00a0\u00bbcenter\u00a0\u00bb][\/vc_column][\/vc_row][vc_row][vc_column][vc_separator color=\u00a0\u00bbcustom\u00a0\u00bb border_width=\u00a0\u00bb7&Prime; accent_color=\u00a0\u00bb#272654&Prime;][\/vc_column][\/vc_row][vc_row][vc_column][vc_column_text el_class=\u00a0\u00bbbo6&Prime;]\n<p style=\"text-align: center;\"><strong><em>\u062a\u0636\u0645\u0646 \u0627\u0644\u062c\u0631\u064a\u062f\u0629 \u0627\u0644\u0631\u0633\u0645\u064a\u0629 \u062c\u0631\u064a\u062f\u0629 \u0627\u0644\u0625\u0639\u0644\u0627\u0646 \u0627\u0644\u0642\u0627\u0646\u0648\u0646\u064a \u0639\u0646\u062f \u0625\u0639\u0644\u0627\u0646 \u0642\u0627\u0646\u0648\u0646\u064a \u0648\u0625\u062c\u0631\u0627\u0621 \u0634\u0643\u0644\u064a \u0644\u0644\u0634\u0631\u0643\u0627\u062a \u0627\u0628\u062a\u062f\u0627\u0621 \u0645\u0646 \u062a\u0627\u0631\u064a\u062e \u0625\u0646\u0634\u0627\u0621 \u0627\u0644\u0634\u0631\u0643\u0629 \u0648\u0627\u0644\u062a\u0633\u062c\u064a\u0644 \u0641\u064a \u0627\u0644\u0633\u062c\u0644 \u0627\u0644\u062a\u062c\u0627\u0631\u064a\u060c \u0648\u0643\u0644 \u0645\u0627\u064a\u062e\u0635 \u062a\u0639\u062f\u064a\u0644 \u0644\u0639\u0642\u062f \u0627\u0644\u062a\u0623\u0633\u064a\u0633 \u0645\u062b\u0644 \u062a\u062d\u0648\u064a\u0644 \u0627\u0644\u0623\u0633\u0647\u0645 \u060c\u062a\u063a\u064a\u064a\u0631 \u0627\u0644\u0645\u062f\u064a\u0631\u060c\u0632\u064a\u0627\u062f\u0629 \u0631\u0623\u0633 \u0627\u0644\u0645\u0627\u0644\u060c\u0646\u0642\u0644 \u0627\u0644\u0645\u0643\u062a\u0628 \u0627\u0644\u0645\u0633\u062c\u0644\u060c \u062a\u063a\u064a\u064a\u0631 \u0625\u0633\u0645 \u0627\u0644\u0634\u0631\u0643\u0629\u060c\u062a\u0639\u062f\u064a\u0644 \u063a\u0631\u0636 \u0627\u0644\u0634\u0631\u0643\u0629\u060c \u0625\u0644\u062e<\/em><\/strong><\/p>\n[\/vc_column_text][\/vc_column][\/vc_row][vc_row][vc_column][vc_separator color=\u00a0\u00bbcustom\u00a0\u00bb border_width=\u00a0\u00bb7&Prime; accent_color=\u00a0\u00bb#272654&Prime;][\/vc_column][\/vc_row]\n","protected":false},"excerpt":{"rendered":"<p>[vc_row el_class=\u00a0\u00bbbo1&Prime;][vc_column width=\u00a0\u00bb1\/2&Prime;][vc_column_text el_class=\u00a0\u00bbbo1&Prime;] \u062a\u0641\u0648\u064a\u062a \u062d\u0635\u0635 \u062d\u0644 \u0634\u0631\u0643\u0629 \u0642\u0641\u0644 \u0627\u0644\u062a\u0635\u0641\u064a\u0629 \u0639\u0642\u062f \u062a\u0633\u064a\u064a\u0631 \u062d\u0631 \u0644\u0623\u0635\u0644 \u062a\u062c\u0627\u0631\u064a \u0625\u0639\u0644\u0627\u0646 \u0645\u062a\u0639\u062f\u062f \u0627\u0644\u0642\u0631\u0627\u0631\u0627\u062a [\/vc_column_text][vc_column_text] \u0625\u0639\u0644\u0627\u0646 \u062d\u0631 [\/vc_column_text][\/vc_column][vc_column width=\u00a0\u00bb1\/2&Prime;][vc_column_text] \u062a\u0623\u0633\u064a\u0633 \u0634\u0631\u0643\u0629 \u0630\u0627\u062a \u0645\u0633\u0624\u0648\u0644\u064a\u0629 \u0645\u062d\u062f\u0648\u062f\u0629 \u062a\u0623\u0633\u064a\u0633 \u0634\u0631\u0643\u0629 \u0630\u0627\u062a \u0645\u0633\u0624\u0648\u0644\u064a\u0629 \u0645\u062d\u062f\u0648\u062f\u0629 \u0630\u0627\u062a \u0627\u0644\u0634\u0631\u064a\u0643 \u0627\u0644\u0648\u062d\u064a\u062f \u062a\u062d\u0648\u064a\u0644 \u0627\u0644\u0634\u0643\u0644 \u0627\u0644\u0642\u0627\u0646\u0648\u0646\u064a \u0644\u0644\u0634\u0631\u0643\u0629 \u062a\u0639\u064a\u064a\u0646 \u0645\u0633\u064a\u0631 \u062c\u062f\u064a\u062f \u062a\u063a\u064a\u064a\u0631 \u062a\u0633\u0645\u064a\u0629 \u0627\u0644\u0634\u0631\u0643\u0629 \u062a\u063a\u064a\u064a\u0631 \u0646\u0634\u0627\u0637 \u0627\u0644\u0634\u0631\u0643\u0629 \u0632\u064a\u0627\u062f\u0629 \u0641\u064a \u0631\u0623\u0633 \u0645\u0627\u0644 \u0627\u0644\u0634\u0631\u0643\u0629 \u062a\u062d\u0648\u064a\u0644 &hellip;<\/p>\n","protected":false},"author":1,"featured_media":0,"parent":0,"menu_order":0,"comment_status":"closed","ping_status":"closed","template":"","meta":{"footnotes":""},"class_list":["post-11","page","type-page","status-publish",""],"aioseo_notices":[],"_links":{"self":[{"href":"https:\/\/lebulletinofficiel.com\/ar\/wp-json\/wp\/v2\/pages\/11","targetHints":{"allow":["GET"]}}],"collection":[{"href":"https:\/\/lebulletinofficiel.com\/ar\/wp-json\/wp\/v2\/pages"}],"about":[{"href":"https:\/\/lebulletinofficiel.com\/ar\/wp-json\/wp\/v2\/types\/page"}],"author":[{"embeddable":true,"href":"https:\/\/lebulletinofficiel.com\/ar\/wp-json\/wp\/v2\/users\/1"}],"replies":[{"embeddable":true,"href":"https:\/\/lebulletinofficiel.com\/ar\/wp-json\/wp\/v2\/comments?post=11"}],"version-history":[{"count":35,"href":"https:\/\/lebulletinofficiel.com\/ar\/wp-json\/wp\/v2\/pages\/11\/revisions"}],"predecessor-version":[{"id":363,"href":"https:\/\/lebulletinofficiel.com\/ar\/wp-json\/wp\/v2\/pages\/11\/revisions\/363"}],"wp:attachment":[{"href":"https:\/\/lebulletinofficiel.com\/ar\/wp-json\/wp\/v2\/media?parent=11"}],"curies":[{"name":"wp","href":"https:\/\/api.w.org\/{rel}","templated":true}]}}